{"id":2022,"date":"2022-12-12T11:26:59","date_gmt":"2022-12-12T10:26:59","guid":{"rendered":"https:\/\/www.elivend.com\/prodotto\/wall-free\/"},"modified":"2022-12-16T11:44:53","modified_gmt":"2022-12-16T10:44:53","slug":"wall-free","status":"publish","type":"product","link":"https:\/\/www.elivend.com\/fr\/prodotto\/wall-free\/","title":{"rendered":"Wall Free"},"content":{"rendered":"","protected":false},"excerpt":{"rendered":"<p>Con\u00e7u pour respecter les distances de s\u00e9curit\u00e9<\/p>\n","protected":false},"featured_media":1430,"template":"","meta":[],"product_brand":[],"product_cat":[80],"product_tag":[],"class_list":{"0":"post-2022","1":"product","2":"type-product","3":"status-publish","4":"has-post-thumbnail","6":"product_cat-des-murs","8":"first","9":"instock","10":"shipping-taxable","11":"purchasable","12":"product-type-variable"},"_links":{"self":[{"href":"https:\/\/www.elivend.com\/fr\/wp-json\/wp\/v2\/product\/2022","targetHints":{"allow":["GET"]}}],"collection":[{"href":"https:\/\/www.elivend.com\/fr\/wp-json\/wp\/v2\/product"}],"about":[{"href":"https:\/\/www.elivend.com\/fr\/wp-json\/wp\/v2\/types\/product"}],"wp:featuredmedia":[{"embeddable":true,"href":"https:\/\/www.elivend.com\/fr\/wp-json\/wp\/v2\/media\/1430"}],"wp:attachment":[{"href":"https:\/\/www.elivend.com\/fr\/wp-json\/wp\/v2\/media?parent=2022"}],"wp:term":[{"taxonomy":"product_brand","embeddable":true,"href":"https:\/\/www.elivend.com\/fr\/wp-json\/wp\/v2\/product_brand?post=2022"},{"taxonomy":"product_cat","embeddable":true,"href":"https:\/\/www.elivend.com\/fr\/wp-json\/wp\/v2\/product_cat?post=2022"},{"taxonomy":"product_tag","embeddable":true,"href":"https:\/\/www.elivend.com\/fr\/wp-json\/wp\/v2\/product_tag?post=2022"}],"curies":[{"name":"wp","href":"https:\/\/api.w.org\/{rel}","templated":true}]}}