{"id":2174,"date":"2022-12-14T16:53:14","date_gmt":"2022-12-14T15:53:14","guid":{"rendered":"https:\/\/www.elivend.com\/compagnie\/"},"modified":"2025-12-18T09:45:51","modified_gmt":"2025-12-18T08:45:51","slug":"compagnie","status":"publish","type":"page","link":"https:\/\/www.elivend.com\/fr\/compagnie\/","title":{"rendered":"Compagnie"},"content":{"rendered":"\t\t<div data-elementor-type=\"wp-page\" data-elementor-id=\"2174\" class=\"elementor elementor-2174 elementor-1806\" data-elementor-post-type=\"page\">\n\t\t\t\t\t\t<section class=\"elementor-section elementor-top-section elementor-element elementor-element-f20c7a8 elementor-section-full_width elementor-section-height-default elementor-section-height-default\" data-id=\"f20c7a8\" data-element_type=\"section\" data-settings=\"{&quot;background_background&quot;:&quot;classic&quot;}\">\n\t\t\t\t\t\t<div class=\"elementor-container elementor-column-gap-default\">\n\t\t\t\t\t<div class=\"elementor-column elementor-col-100 elementor-top-column elementor-element elementor-element-f64087b\" data-id=\"f64087b\" data-element_type=\"column\">\n\t\t\t<div class=\"elementor-widget-wrap elementor-element-populated\">\n\t\t\t\t\t\t<div class=\"elementor-element elementor-element-ab2e661 elementor-widget elementor-widget-heading\" data-id=\"ab2e661\" data-element_type=\"widget\" data-widget_type=\"heading.default\">\n\t\t\t\t<div class=\"elementor-widget-container\">\n\t\t\t\t\t<h1 class=\"elementor-heading-title elementor-size-default\">Smart adaptive<\/h1>\t\t\t\t<\/div>\n\t\t\t\t<\/div>\n\t\t\t\t<div class=\"elementor-element elementor-element-280f82b elementor-widget elementor-widget-heading\" data-id=\"280f82b\" data-element_type=\"widget\" data-widget_type=\"heading.default\">\n\t\t\t\t<div class=\"elementor-widget-container\">\n\t\t\t\t\t<h2 class=\"elementor-heading-title elementor-size-default\">manufacturing<\/h2>\t\t\t\t<\/div>\n\t\t\t\t<\/div>\n\t\t\t\t<section class=\"elementor-section elementor-inner-section elementor-element elementor-element-9cabf26 elementor-section-boxed elementor-section-height-default elementor-section-height-default\" data-id=\"9cabf26\" data-element_type=\"section\">\n\t\t\t\t\t\t<div class=\"elementor-container elementor-column-gap-default\">\n\t\t\t\t\t<div class=\"elementor-column elementor-col-50 elementor-inner-column elementor-element elementor-element-0751f7d\" data-id=\"0751f7d\" data-element_type=\"column\">\n\t\t\t<div class=\"elementor-widget-wrap elementor-element-populated\">\n\t\t\t\t\t\t<div class=\"elementor-element elementor-element-2a68694 elementor-widget elementor-widget-text-editor\" data-id=\"2a68694\" data-element_type=\"widget\" data-widget_type=\"text-editor.default\">\n\t\t\t\t<div class=\"elementor-widget-container\">\n\t\t\t\t\t\t\t\t\t<p>Nous sommes une entreprise de production \u00e0 fort taux d&rsquo;innovation, particuli\u00e8rement attentive \u00e0 la conception et \u00e0 la qualit\u00e9 des mat\u00e9riaux, notre processus de production est contr\u00f4l\u00e9 \u00e0 chaque phase et, gr\u00e2ce \u00e0 notre flexibilit\u00e9, nous cr\u00e9ons des produits et des solutions personnalis\u00e9s en fonction des besoins des clients .<\/p>\n\t\t\t\t\t\t\t\t<\/div>\n\t\t\t\t<\/div>\n\t\t\t\t\t<\/div>\n\t\t<\/div>\n\t\t\t\t<div class=\"elementor-column elementor-col-50 elementor-inner-column elementor-element elementor-element-c5d12a2\" data-id=\"c5d12a2\" data-element_type=\"column\">\n\t\t\t<div class=\"elementor-widget-wrap\">\n\t\t\t\t\t\t\t<\/div>\n\t\t<\/div>\n\t\t\t\t\t<\/div>\n\t\t<\/section>\n\t\t\t\t\t<\/div>\n\t\t<\/div>\n\t\t\t\t\t<\/div>\n\t\t<\/section>\n\t\t\t\t<section class=\"elementor-section elementor-top-section elementor-element elementor-element-7321eb5 elementor-reverse-mobile elementor-section-boxed elementor-section-height-default elementor-section-height-default\" data-id=\"7321eb5\" data-element_type=\"section\">\n\t\t\t\t\t\t<div class=\"elementor-container elementor-column-gap-default\">\n\t\t\t\t\t<div class=\"elementor-column elementor-col-50 elementor-top-column elementor-element elementor-element-24fb591\" data-id=\"24fb591\" data-element_type=\"column\">\n\t\t\t<div class=\"elementor-widget-wrap elementor-element-populated\">\n\t\t\t\t\t\t<div class=\"elementor-element elementor-element-68b98e7 elementor-widget elementor-widget-image\" data-id=\"68b98e7\" data-element_type=\"widget\" data-widget_type=\"image.default\">\n\t\t\t\t<div class=\"elementor-widget-container\">\n\t\t\t\t\t\t\t\t\t\t\t\t\t\t\t<img fetchpriority=\"high\" decoding=\"async\" width=\"800\" height=\"800\" src=\"https:\/\/www.elivend.com\/wp-content\/uploads\/Elivend-company-fasi-prodotto.jpg\" class=\"attachment-large size-large wp-image-2135\" alt=\"\" srcset=\"https:\/\/www.elivend.com\/wp-content\/uploads\/Elivend-company-fasi-prodotto.jpg 847w, https:\/\/www.elivend.com\/wp-content\/uploads\/Elivend-company-fasi-prodotto-300x300.jpg 300w, https:\/\/www.elivend.com\/wp-content\/uploads\/Elivend-company-fasi-prodotto-150x150.jpg 150w, https:\/\/www.elivend.com\/wp-content\/uploads\/Elivend-company-fasi-prodotto-768x768.jpg 768w, https:\/\/www.elivend.com\/wp-content\/uploads\/Elivend-company-fasi-prodotto-600x600.jpg 600w, https:\/\/www.elivend.com\/wp-content\/uploads\/Elivend-company-fasi-prodotto-100x100.jpg 100w\" sizes=\"(max-width: 800px) 100vw, 800px\" \/>\t\t\t\t\t\t\t\t\t\t\t\t\t\t\t<\/div>\n\t\t\t\t<\/div>\n\t\t\t\t\t<\/div>\n\t\t<\/div>\n\t\t\t\t<div class=\"elementor-column elementor-col-50 elementor-top-column elementor-element elementor-element-5e7e9c2\" data-id=\"5e7e9c2\" data-element_type=\"column\">\n\t\t\t<div class=\"elementor-widget-wrap elementor-element-populated\">\n\t\t\t\t\t\t<div class=\"elementor-element elementor-element-c3dcfaf elementor-hidden-mobile elementor-widget elementor-widget-spacer\" data-id=\"c3dcfaf\" data-element_type=\"widget\" data-widget_type=\"spacer.default\">\n\t\t\t\t<div class=\"elementor-widget-container\">\n\t\t\t\t\t\t\t<div class=\"elementor-spacer\">\n\t\t\t<div class=\"elementor-spacer-inner\"><\/div>\n\t\t<\/div>\n\t\t\t\t\t\t<\/div>\n\t\t\t\t<\/div>\n\t\t\t\t<div class=\"elementor-element elementor-element-8f17a8a elementor-widget elementor-widget-spacer\" data-id=\"8f17a8a\" data-element_type=\"widget\" data-widget_type=\"spacer.default\">\n\t\t\t\t<div class=\"elementor-widget-container\">\n\t\t\t\t\t\t\t<div class=\"elementor-spacer\">\n\t\t\t<div class=\"elementor-spacer-inner\"><\/div>\n\t\t<\/div>\n\t\t\t\t\t\t<\/div>\n\t\t\t\t<\/div>\n\t\t\t\t<div class=\"elementor-element elementor-element-0f50993 elementor-widget elementor-widget-heading\" data-id=\"0f50993\" data-element_type=\"widget\" data-widget_type=\"heading.default\">\n\t\t\t\t<div class=\"elementor-widget-container\">\n\t\t\t\t\t<h2 class=\"elementor-heading-title elementor-size-default\">Nous concevons en interne tout le cycle de vie de nos produits, en tenant compte du march\u00e9 et de ses \u00e9volutions.<\/h2>\t\t\t\t<\/div>\n\t\t\t\t<\/div>\n\t\t\t\t<div class=\"elementor-element elementor-element-21a4494 elementor-widget elementor-widget-spacer\" data-id=\"21a4494\" data-element_type=\"widget\" data-widget_type=\"spacer.default\">\n\t\t\t\t<div class=\"elementor-widget-container\">\n\t\t\t\t\t\t\t<div class=\"elementor-spacer\">\n\t\t\t<div class=\"elementor-spacer-inner\"><\/div>\n\t\t<\/div>\n\t\t\t\t\t\t<\/div>\n\t\t\t\t<\/div>\n\t\t\t\t<div class=\"elementor-element elementor-element-4da232c elementor-widget elementor-widget-text-editor\" data-id=\"4da232c\" data-element_type=\"widget\" data-widget_type=\"text-editor.default\">\n\t\t\t\t<div class=\"elementor-widget-container\">\n\t\t\t\t\t\t\t\t\t<p>Nous sommes une entreprise qui se distingue dans le monde par l&rsquo;innovation, la technologie, l&rsquo;attention port\u00e9e au design et la qualit\u00e9 des mat\u00e9riaux. Aujourd&rsquo;hui, nous op\u00e9rons sur une superficie totale de 9 000 m\u00e8tres carr\u00e9s disponibles, dont 5 000 sont couverts, et avec un effectif d&rsquo;environ 40 personnes.<\/p>\n\t\t\t\t\t\t\t\t<\/div>\n\t\t\t\t<\/div>\n\t\t\t\t<div class=\"elementor-element elementor-element-0d0d67b elementor-hidden-desktop elementor-hidden-tablet elementor-hidden-mobile elementor-widget elementor-widget-button\" data-id=\"0d0d67b\" data-element_type=\"widget\" data-widget_type=\"button.default\">\n\t\t\t\t<div class=\"elementor-widget-container\">\n\t\t\t\t\t\t\t\t\t<div class=\"elementor-button-wrapper\">\n\t\t\t\t\t<a class=\"elementor-button elementor-button-link elementor-size-md\" href=\"https:\/\/www.elivend.com\/fr\/shop\/\">\n\t\t\t\t\t\t<span class=\"elementor-button-content-wrapper\">\n\t\t\t\t\t\t\t\t\t<span class=\"elementor-button-text\">D\u00e9couvrez les produits<\/span>\n\t\t\t\t\t<\/span>\n\t\t\t\t\t<\/a>\n\t\t\t\t<\/div>\n\t\t\t\t\t\t\t\t<\/div>\n\t\t\t\t<\/div>\n\t\t\t\t\t<\/div>\n\t\t<\/div>\n\t\t\t\t\t<\/div>\n\t\t<\/section>\n\t\t\t\t<section class=\"elementor-section elementor-top-section elementor-element elementor-element-e33dde3 elementor-section-boxed elementor-section-height-default elementor-section-height-default\" data-id=\"e33dde3\" data-element_type=\"section\">\n\t\t\t\t\t\t<div class=\"elementor-container elementor-column-gap-wider\">\n\t\t\t\t\t<div class=\"elementor-column elementor-col-50 elementor-top-column elementor-element elementor-element-4a5d363\" data-id=\"4a5d363\" data-element_type=\"column\">\n\t\t\t<div class=\"elementor-widget-wrap elementor-element-populated\">\n\t\t\t\t\t\t<div class=\"elementor-element elementor-element-e9eba28 elementor-widget elementor-widget-heading\" data-id=\"e9eba28\" data-element_type=\"widget\" data-widget_type=\"heading.default\">\n\t\t\t\t<div class=\"elementor-widget-container\">\n\t\t\t\t\t<h2 class=\"elementor-heading-title elementor-size-default\">Notre qualit\u00e9 est certifi\u00e9e<\/h2>\t\t\t\t<\/div>\n\t\t\t\t<\/div>\n\t\t\t\t<div class=\"elementor-element elementor-element-65cc998 elementor-widget elementor-widget-image\" data-id=\"65cc998\" data-element_type=\"widget\" data-widget_type=\"image.default\">\n\t\t\t\t<div class=\"elementor-widget-container\">\n\t\t\t\t\t\t\t\t\t\t\t\t\t\t\t<img decoding=\"async\" width=\"288\" height=\"90\" src=\"https:\/\/www.elivend.com\/wp-content\/uploads\/Elivend-Certificazioni.jpg\" class=\"attachment-full size-full wp-image-1736\" alt=\"\" srcset=\"https:\/\/www.elivend.com\/wp-content\/uploads\/Elivend-Certificazioni.jpg 288w, https:\/\/www.elivend.com\/wp-content\/uploads\/Elivend-Certificazioni-150x47.jpg 150w\" sizes=\"(max-width: 288px) 100vw, 288px\" \/>\t\t\t\t\t\t\t\t\t\t\t\t\t\t\t<\/div>\n\t\t\t\t<\/div>\n\t\t\t\t\t<\/div>\n\t\t<\/div>\n\t\t\t\t<div class=\"elementor-column elementor-col-50 elementor-top-column elementor-element elementor-element-0fe2ed0\" data-id=\"0fe2ed0\" data-element_type=\"column\">\n\t\t\t<div class=\"elementor-widget-wrap elementor-element-populated\">\n\t\t\t\t\t\t<div class=\"elementor-element elementor-element-ea43370 elementor-hidden-mobile elementor-widget elementor-widget-spacer\" data-id=\"ea43370\" data-element_type=\"widget\" data-widget_type=\"spacer.default\">\n\t\t\t\t<div class=\"elementor-widget-container\">\n\t\t\t\t\t\t\t<div class=\"elementor-spacer\">\n\t\t\t<div class=\"elementor-spacer-inner\"><\/div>\n\t\t<\/div>\n\t\t\t\t\t\t<\/div>\n\t\t\t\t<\/div>\n\t\t\t\t<div class=\"elementor-element elementor-element-0e64d3d elementor-widget elementor-widget-text-editor\" data-id=\"0e64d3d\" data-element_type=\"widget\" data-widget_type=\"text-editor.default\">\n\t\t\t\t<div class=\"elementor-widget-container\">\n\t\t\t\t\t\t\t\t\t<p>Nous avons toujours relev\u00e9 les d\u00e9fis avec enthousiasme et, gr\u00e2ce \u00e0 cet esprit et \u00e0 la volont\u00e9 constante d&rsquo;am\u00e9lioration, nous avons obtenu depuis 2011 la certification ISO 9001 pour la production et la commercialisation de supports m\u00e9talliques pour machines \u00e0 caf\u00e9 et distributeurs automatiques.<\/p>\n\t\t\t\t\t\t\t\t<\/div>\n\t\t\t\t<\/div>\n\t\t\t\t\t<\/div>\n\t\t<\/div>\n\t\t\t\t\t<\/div>\n\t\t<\/section>\n\t\t\t\t<section class=\"elementor-section elementor-top-section elementor-element elementor-element-8b27281 elementor-section-full_width elementor-section-height-min-height elementor-section-height-default elementor-section-items-middle\" data-id=\"8b27281\" data-element_type=\"section\" data-settings=\"{&quot;background_background&quot;:&quot;classic&quot;}\">\n\t\t\t\t\t\t<div class=\"elementor-container elementor-column-gap-default\">\n\t\t\t\t\t<div class=\"elementor-column elementor-col-100 elementor-top-column elementor-element elementor-element-2bc0c25\" data-id=\"2bc0c25\" data-element_type=\"column\">\n\t\t\t<div class=\"elementor-widget-wrap elementor-element-populated\">\n\t\t\t\t\t\t<div class=\"elementor-element elementor-element-43b6bdc elementor-widget elementor-widget-spacer\" data-id=\"43b6bdc\" data-element_type=\"widget\" data-widget_type=\"spacer.default\">\n\t\t\t\t<div class=\"elementor-widget-container\">\n\t\t\t\t\t\t\t<div class=\"elementor-spacer\">\n\t\t\t<div class=\"elementor-spacer-inner\"><\/div>\n\t\t<\/div>\n\t\t\t\t\t\t<\/div>\n\t\t\t\t<\/div>\n\t\t\t\t<section class=\"elementor-section elementor-inner-section elementor-element elementor-element-d786a21 elementor-section-content-middle elementor-section-full_width elementor-section-height-default elementor-section-height-default\" data-id=\"d786a21\" data-element_type=\"section\">\n\t\t\t\t\t\t<div class=\"elementor-container elementor-column-gap-default\">\n\t\t\t\t\t<div class=\"elementor-column elementor-col-50 elementor-inner-column elementor-element elementor-element-4bade7a\" data-id=\"4bade7a\" data-element_type=\"column\">\n\t\t\t<div class=\"elementor-widget-wrap elementor-element-populated\">\n\t\t\t\t\t\t<div class=\"elementor-element elementor-element-8f994a4 elementor-widget elementor-widget-heading\" data-id=\"8f994a4\" data-element_type=\"widget\" data-widget_type=\"heading.default\">\n\t\t\t\t<div class=\"elementor-widget-container\">\n\t\t\t\t\t<h2 class=\"elementor-heading-title elementor-size-default\">Un service\npersonnalis\u00e9<\/h2>\t\t\t\t<\/div>\n\t\t\t\t<\/div>\n\t\t\t\t<div class=\"elementor-element elementor-element-c3e4895 elementor-widget elementor-widget-text-editor\" data-id=\"c3e4895\" data-element_type=\"widget\" data-widget_type=\"text-editor.default\">\n\t\t\t\t<div class=\"elementor-widget-container\">\n\t\t\t\t\t\t\t\t\t<p>Gr\u00e2ce \u00e0 notre enthousiasme et \u00e0 la qualit\u00e9 de nos produits, nous continuons aujourd&rsquo;hui \u00e0 travailler avec les meilleures technologies du march\u00e9 afin de pouvoir vous proposer une solution sur mesure adapt\u00e9e \u00e0 chaque situation avec des produits toujours plus design et avant-gardistes.<\/p>\n\t\t\t\t\t\t\t\t<\/div>\n\t\t\t\t<\/div>\n\t\t\t\t<div class=\"elementor-element elementor-element-fb02bf6 elementor-widget elementor-widget-button\" data-id=\"fb02bf6\" data-element_type=\"widget\" data-widget_type=\"button.default\">\n\t\t\t\t<div class=\"elementor-widget-container\">\n\t\t\t\t\t\t\t\t\t<div class=\"elementor-button-wrapper\">\n\t\t\t\t\t<a class=\"elementor-button elementor-button-link elementor-size-md\" href=\"https:\/\/www.elivend.com\/fr\/contacts\/\">\n\t\t\t\t\t\t<span class=\"elementor-button-content-wrapper\">\n\t\t\t\t\t\t\t\t\t<span class=\"elementor-button-text\">Contattaci<\/span>\n\t\t\t\t\t<\/span>\n\t\t\t\t\t<\/a>\n\t\t\t\t<\/div>\n\t\t\t\t\t\t\t\t<\/div>\n\t\t\t\t<\/div>\n\t\t\t\t\t<\/div>\n\t\t<\/div>\n\t\t\t\t<div class=\"elementor-column elementor-col-50 elementor-inner-column elementor-element elementor-element-b2053d1\" data-id=\"b2053d1\" data-element_type=\"column\">\n\t\t\t<div class=\"elementor-widget-wrap elementor-element-populated\">\n\t\t\t\t\t\t<div class=\"elementor-element elementor-element-f448b97 elementor-widget elementor-widget-image\" data-id=\"f448b97\" data-element_type=\"widget\" data-widget_type=\"image.default\">\n\t\t\t\t<div class=\"elementor-widget-container\">\n\t\t\t\t\t\t\t\t\t\t\t\t\t\t\t<img decoding=\"async\" width=\"920\" height=\"790\" src=\"https:\/\/www.elivend.com\/wp-content\/uploads\/Elivend-company-servizio-personalizzato-people.png\" class=\"attachment-full size-full wp-image-2144\" alt=\"\" srcset=\"https:\/\/www.elivend.com\/wp-content\/uploads\/Elivend-company-servizio-personalizzato-people.png 920w, https:\/\/www.elivend.com\/wp-content\/uploads\/Elivend-company-servizio-personalizzato-people-300x258.png 300w, https:\/\/www.elivend.com\/wp-content\/uploads\/Elivend-company-servizio-personalizzato-people-150x129.png 150w, https:\/\/www.elivend.com\/wp-content\/uploads\/Elivend-company-servizio-personalizzato-people-768x659.png 768w, https:\/\/www.elivend.com\/wp-content\/uploads\/Elivend-company-servizio-personalizzato-people-600x515.png 600w\" sizes=\"(max-width: 920px) 100vw, 920px\" \/>\t\t\t\t\t\t\t\t\t\t\t\t\t\t\t<\/div>\n\t\t\t\t<\/div>\n\t\t\t\t\t<\/div>\n\t\t<\/div>\n\t\t\t\t\t<\/div>\n\t\t<\/section>\n\t\t\t\t\t<\/div>\n\t\t<\/div>\n\t\t\t\t\t<\/div>\n\t\t<\/section>\n\t\t\t\t<section class=\"elementor-section elementor-top-section elementor-element elementor-element-316bd7a elementor-section-boxed elementor-section-height-default elementor-section-height-default\" data-id=\"316bd7a\" data-element_type=\"section\">\n\t\t\t\t\t\t<div class=\"elementor-container elementor-column-gap-default\">\n\t\t\t\t\t<div class=\"elementor-column elementor-col-100 elementor-top-column elementor-element elementor-element-451798e\" data-id=\"451798e\" data-element_type=\"column\">\n\t\t\t<div class=\"elementor-widget-wrap elementor-element-populated\">\n\t\t\t\t\t\t<div class=\"elementor-element elementor-element-95b52ff elementor-widget elementor-widget-heading\" data-id=\"95b52ff\" data-element_type=\"widget\" data-widget_type=\"heading.default\">\n\t\t\t\t<div class=\"elementor-widget-container\">\n\t\t\t\t\t<h2 class=\"elementor-heading-title elementor-size-default\">Notre<\/h2>\t\t\t\t<\/div>\n\t\t\t\t<\/div>\n\t\t\t\t<div class=\"elementor-element elementor-element-4a55b93 elementor-widget elementor-widget-heading\" data-id=\"4a55b93\" data-element_type=\"widget\" data-widget_type=\"heading.default\">\n\t\t\t\t<div class=\"elementor-widget-container\">\n\t\t\t\t\t<h2 class=\"elementor-heading-title elementor-size-default\">histoire<\/h2>\t\t\t\t<\/div>\n\t\t\t\t<\/div>\n\t\t\t\t\t<\/div>\n\t\t<\/div>\n\t\t\t\t\t<\/div>\n\t\t<\/section>\n\t\t\t\t<section class=\"elementor-section elementor-top-section elementor-element elementor-element-4d5d164 elementor-reverse-mobile elementor-section-boxed elementor-section-height-default elementor-section-height-default\" data-id=\"4d5d164\" data-element_type=\"section\">\n\t\t\t\t\t\t<div class=\"elementor-container elementor-column-gap-default\">\n\t\t\t\t\t<div class=\"elementor-column elementor-col-50 elementor-top-column elementor-element elementor-element-5eb0411\" data-id=\"5eb0411\" data-element_type=\"column\">\n\t\t\t<div class=\"elementor-widget-wrap elementor-element-populated\">\n\t\t\t\t\t\t<div class=\"elementor-element elementor-element-ed50bd0 elementor-widget elementor-widget-image\" data-id=\"ed50bd0\" data-element_type=\"widget\" data-widget_type=\"image.default\">\n\t\t\t\t<div class=\"elementor-widget-container\">\n\t\t\t\t\t\t\t\t\t\t\t\t\t\t\t<img loading=\"lazy\" decoding=\"async\" width=\"800\" height=\"800\" src=\"https:\/\/www.elivend.com\/wp-content\/uploads\/Elivend-company-storia.jpg\" class=\"attachment-large size-large wp-image-2147\" alt=\"\" srcset=\"https:\/\/www.elivend.com\/wp-content\/uploads\/Elivend-company-storia.jpg 847w, https:\/\/www.elivend.com\/wp-content\/uploads\/Elivend-company-storia-300x300.jpg 300w, https:\/\/www.elivend.com\/wp-content\/uploads\/Elivend-company-storia-150x150.jpg 150w, https:\/\/www.elivend.com\/wp-content\/uploads\/Elivend-company-storia-768x768.jpg 768w, https:\/\/www.elivend.com\/wp-content\/uploads\/Elivend-company-storia-600x600.jpg 600w, https:\/\/www.elivend.com\/wp-content\/uploads\/Elivend-company-storia-100x100.jpg 100w\" sizes=\"(max-width: 800px) 100vw, 800px\" \/>\t\t\t\t\t\t\t\t\t\t\t\t\t\t\t<\/div>\n\t\t\t\t<\/div>\n\t\t\t\t\t<\/div>\n\t\t<\/div>\n\t\t\t\t<div class=\"elementor-column elementor-col-50 elementor-top-column elementor-element elementor-element-406ebba\" data-id=\"406ebba\" data-element_type=\"column\">\n\t\t\t<div class=\"elementor-widget-wrap elementor-element-populated\">\n\t\t\t\t\t\t<div class=\"elementor-element elementor-element-1a43596 elementor-hidden-mobile elementor-widget elementor-widget-spacer\" data-id=\"1a43596\" data-element_type=\"widget\" data-widget_type=\"spacer.default\">\n\t\t\t\t<div class=\"elementor-widget-container\">\n\t\t\t\t\t\t\t<div class=\"elementor-spacer\">\n\t\t\t<div class=\"elementor-spacer-inner\"><\/div>\n\t\t<\/div>\n\t\t\t\t\t\t<\/div>\n\t\t\t\t<\/div>\n\t\t\t\t<div class=\"elementor-element elementor-element-d9e2ab0 elementor-widget elementor-widget-spacer\" data-id=\"d9e2ab0\" data-element_type=\"widget\" data-widget_type=\"spacer.default\">\n\t\t\t\t<div class=\"elementor-widget-container\">\n\t\t\t\t\t\t\t<div class=\"elementor-spacer\">\n\t\t\t<div class=\"elementor-spacer-inner\"><\/div>\n\t\t<\/div>\n\t\t\t\t\t\t<\/div>\n\t\t\t\t<\/div>\n\t\t\t\t<div class=\"elementor-element elementor-element-8334888 elementor-widget elementor-widget-heading\" data-id=\"8334888\" data-element_type=\"widget\" data-widget_type=\"heading.default\">\n\t\t\t\t<div class=\"elementor-widget-container\">\n\t\t\t\t\t<h2 class=\"elementor-heading-title elementor-size-default\">Elivend est \u00e9troitement li\u00e9 au fort d\u00e9veloppement du segment OCS dans le secteur de la distribution automatique \u00e0 la fin des ann\u00e9es 80 et au d\u00e9but des ann\u00e9es 90. <\/h2>\t\t\t\t<\/div>\n\t\t\t\t<\/div>\n\t\t\t\t<div class=\"elementor-element elementor-element-f4c8d35 elementor-widget elementor-widget-spacer\" data-id=\"f4c8d35\" data-element_type=\"widget\" data-widget_type=\"spacer.default\">\n\t\t\t\t<div class=\"elementor-widget-container\">\n\t\t\t\t\t\t\t<div class=\"elementor-spacer\">\n\t\t\t<div class=\"elementor-spacer-inner\"><\/div>\n\t\t<\/div>\n\t\t\t\t\t\t<\/div>\n\t\t\t\t<\/div>\n\t\t\t\t<div class=\"elementor-element elementor-element-c05dfb6 elementor-widget elementor-widget-text-editor\" data-id=\"c05dfb6\" data-element_type=\"widget\" data-widget_type=\"text-editor.default\">\n\t\t\t\t<div class=\"elementor-widget-container\">\n\t\t\t\t\t\t\t\t\t<p>D\u00e8s le d\u00e9part, notre objectif a \u00e9t\u00e9 de concevoir des solutions innovantes pour l&rsquo;am\u00e9nagement de l&rsquo;espace \u00ab\u00a0Caff\u00e8\u00a0\u00bb, qui se caract\u00e9risent par le design, l&rsquo;esth\u00e9tique et la facilit\u00e9 d&rsquo;utilisation. Nous sommes une entreprise manufacturi\u00e8re \u00e0 fort taux d&rsquo;innovation, en phase avec le march\u00e9 et ses \u00e9volutions.<\/p>\n\t\t\t\t\t\t\t\t<\/div>\n\t\t\t\t<\/div>\n\t\t\t\t\t<\/div>\n\t\t<\/div>\n\t\t\t\t\t<\/div>\n\t\t<\/section>\n\t\t\t\t<\/div>\n\t\t","protected":false},"excerpt":{"rendered":"<p>Smart adaptive manufacturing Nous sommes une entreprise de production \u00e0 fort taux d&rsquo;innovation, particuli\u00e8rement attentive \u00e0 la conception et \u00e0 la qualit\u00e9 des mat\u00e9riaux, notre processus de production est contr\u00f4l\u00e9 \u00e0 chaque phase et, gr\u00e2ce \u00e0 notre flexibilit\u00e9, nous cr\u00e9ons des produits et des solutions personnalis\u00e9s en fonction des besoins des clients . Nous concevons [&hellip;]<\/p>\n","protected":false},"author":1,"featured_media":0,"parent":0,"menu_order":1,"comment_status":"closed","ping_status":"closed","template":"","meta":{"footnotes":""},"class_list":["post-2174","page","type-page","status-publish","hentry"],"_links":{"self":[{"href":"https:\/\/www.elivend.com\/fr\/wp-json\/wp\/v2\/pages\/2174","targetHints":{"allow":["GET"]}}],"collection":[{"href":"https:\/\/www.elivend.com\/fr\/wp-json\/wp\/v2\/pages"}],"about":[{"href":"https:\/\/www.elivend.com\/fr\/wp-json\/wp\/v2\/types\/page"}],"author":[{"embeddable":true,"href":"https:\/\/www.elivend.com\/fr\/wp-json\/wp\/v2\/users\/1"}],"replies":[{"embeddable":true,"href":"https:\/\/www.elivend.com\/fr\/wp-json\/wp\/v2\/comments?post=2174"}],"version-history":[{"count":9,"href":"https:\/\/www.elivend.com\/fr\/wp-json\/wp\/v2\/pages\/2174\/revisions"}],"predecessor-version":[{"id":2327,"href":"https:\/\/www.elivend.com\/fr\/wp-json\/wp\/v2\/pages\/2174\/revisions\/2327"}],"wp:attachment":[{"href":"https:\/\/www.elivend.com\/fr\/wp-json\/wp\/v2\/media?parent=2174"}],"curies":[{"name":"wp","href":"https:\/\/api.w.org\/{rel}","templated":true}]}}